{"id":731,"date":"2023-06-04T12:22:27","date_gmt":"2023-06-04T10:22:27","guid":{"rendered":"http:\/\/promenadazasanie.pl\/?page_id=731"},"modified":"2023-07-08T01:21:25","modified_gmt":"2023-07-07T23:21:25","slug":"droga-tranzytowa","status":"publish","type":"page","link":"https:\/\/wybrzeze.stowarzyszeniemost.pl\/index.php\/droga-tranzytowa\/","title":{"rendered":"Droga"},"content":{"rendered":"\t\t<div data-elementor-type=\"wp-page\" data-elementor-id=\"731\" class=\"elementor elementor-731\">\n\t\t\t\t\t\t\t<div class=\"elementor-element elementor-element-8932f9d e-flex e-con-boxed e-con\" data-id=\"8932f9d\" data-element_type=\"container\" data-settings=\"{&quot;content_width&quot;:&quot;boxed&quot;}\">\n\t\t\t\t\t<div class=\"e-con-inner\">\n\t\t\t\t<div class=\"elementor-element elementor-element-41207a7 elementor-widget elementor-widget-heading\" data-id=\"41207a7\" data-element_type=\"widget\" data-settings=\"{&quot;ekit_we_effect_on&quot;:&quot;none&quot;}\" data-widget_type=\"heading.default\">\n\t\t\t\t<div class=\"elementor-widget-container\">\n\t\t\t<style>\/*! elementor - v3.14.0 - 26-06-2023 *\/\n.elementor-heading-title{padding:0;margin:0;line-height:1}.elementor-widget-heading .elementor-heading-title[class*=elementor-size-]>a{color:inherit;font-size:inherit;line-height:inherit}.elementor-widget-heading .elementor-heading-title.elementor-size-small{font-size:15px}.elementor-widget-heading .elementor-heading-title.elementor-size-medium{font-size:19px}.elementor-widget-heading .elementor-heading-title.elementor-size-large{font-size:29px}.elementor-widget-heading .elementor-heading-title.elementor-size-xl{font-size:39px}.elementor-widget-heading .elementor-heading-title.elementor-size-xxl{font-size:59px}<\/style><h2 class=\"elementor-heading-title elementor-size-default\">Odci\u0105\u017cenie ulicy Grunwaldzkiej to jedno z dw\u00f3ch\ng\u0142\u00f3wnych za\u0142o\u017ce\u0144 Miasta przy przebudowie Wybrze\u017ca.\nPoszerzenie drogi, a przede wszystkim zwi\u0119kszenie\nwysoko\u015bci przejazdu pod mostami umo\u017cliwi poruszanie si\u0119\nsamochod\u00f3w ci\u0119\u017carowych nabrze\u017cem Sanu.<\/h2>\t\t<\/div>\n\t\t\t\t<\/div>\n\t\t\t\t\t<\/div>\n\t\t\t\t<\/div>\n\t\t<div class=\"elementor-element elementor-element-378b36fe e-flex e-con-boxed e-con\" data-id=\"378b36fe\" data-element_type=\"container\" data-settings=\"{&quot;content_width&quot;:&quot;boxed&quot;}\">\n\t\t\t\t\t<div class=\"e-con-inner\">\n\t\t<div class=\"elementor-element elementor-element-766732ba e-con-full e-flex e-con\" data-id=\"766732ba\" data-element_type=\"container\" data-settings=\"{&quot;content_width&quot;:&quot;full&quot;,&quot;background_background&quot;:&quot;classic&quot;}\">\n\t\t\t\t<div class=\"elementor-element elementor-element-2c47392 elementor-widget elementor-widget-heading\" data-id=\"2c47392\" data-element_type=\"widget\" data-settings=\"{&quot;ekit_we_effect_on&quot;:&quot;none&quot;}\" data-widget_type=\"heading.default\">\n\t\t\t\t<div class=\"elementor-widget-container\">\n\t\t\t<h2 class=\"elementor-heading-title elementor-size-default\">Droga zamiast promenady<\/h2>\t\t<\/div>\n\t\t\t\t<\/div>\n\t\t\t\t<\/div>\n\t\t<div class=\"elementor-element elementor-element-5592d4b5 e-con-full e-flex e-con\" data-id=\"5592d4b5\" data-element_type=\"container\" data-settings=\"{&quot;content_width&quot;:&quot;full&quot;,&quot;background_background&quot;:&quot;classic&quot;}\">\n\t\t\t\t<div class=\"elementor-element elementor-element-1850af8 elementor-widget elementor-widget-heading\" data-id=\"1850af8\" data-element_type=\"widget\" data-settings=\"{&quot;ekit_we_effect_on&quot;:&quot;none&quot;}\" data-widget_type=\"heading.default\">\n\t\t\t\t<div class=\"elementor-widget-container\">\n\t\t\t<h4 class=\"elementor-heading-title elementor-size-default\">Przemyski deptak ma niepowtarzalny, rekreacyjny charakter i pe\u0142ni jednocze\u015bnie\nfunkcj\u0119 lokalnej drogi dojazdowej dla okolicznych osiedli. Pomys\u0142 nadania mu\ndodatkowej funkcji, polegaj\u0105cej na odci\u0105\u017ceniu ruchu z ulicy Grunwaldzkiej, to jedna z\nnajbardziej nieprzemy\u015blanych i kr\u00f3tkowzrocznych decyzji Miasta.<\/h4>\t\t<\/div>\n\t\t\t\t<\/div>\n\t\t\t\t<div class=\"elementor-element elementor-element-6b26f7e elementor-widget elementor-widget-text-editor\" data-id=\"6b26f7e\" data-element_type=\"widget\" data-settings=\"{&quot;ekit_we_effect_on&quot;:&quot;none&quot;}\" data-widget_type=\"text-editor.default\">\n\t\t\t\t<div class=\"elementor-widget-container\">\n\t\t\t<style>\/*! elementor - v3.14.0 - 26-06-2023 *\/\n.elementor-widget-text-editor.elementor-drop-cap-view-stacked .elementor-drop-cap{background-color:#69727d;color:#fff}.elementor-widget-text-editor.elementor-drop-cap-view-framed .elementor-drop-cap{color:#69727d;border:3px solid;background-color:transparent}.elementor-widget-text-editor:not(.elementor-drop-cap-view-default) .elementor-drop-cap{margin-top:8px}.elementor-widget-text-editor:not(.elementor-drop-cap-view-default) .elementor-drop-cap-letter{width:1em;height:1em}.elementor-widget-text-editor .elementor-drop-cap{float:left;text-align:center;line-height:1;font-size:50px}.elementor-widget-text-editor .elementor-drop-cap-letter{display:inline-block}<\/style>\t\t\t\tKa\u017cdy, kto zna komunikacyjne uwarunkowania deptaka, zada sobie pytanie jaki sens ma\nwprowadzenie intensywnego ruchu tranzytowego na wybrze\u017ce. W\u0105skim gard\u0142em s\u0105 mosty i\nruch tranzytowy na wybrze\u017cu tego nie zmieni. Korki nadal b\u0119d\u0105 si\u0119 tworzy\u0107 na kameralnych\nulicach wyjazdowych &#8211; Klasztornej i Rac\u0142awickiej. 22 Stycznia jest ulic\u0105 \u015blep\u0105. W sensie\nkomunikacyjnym miasto nie zyska nic. Stracimy spokojny deptak, a okoliczni mieszka\u0144cy\ndo\u015bwiadcz\u0105 uci\u0105\u017cliwo\u015bci intensywnego ruchu i strac\u0105 lokaln\u0105, spokojn\u0105 drog\u0119.\t\t\t\t\t\t<\/div>\n\t\t\t\t<\/div>\n\t\t\t\t<\/div>\n\t\t\t\t\t<\/div>\n\t\t\t\t<\/div>\n\t\t<div class=\"elementor-element elementor-element-caf271a e-flex e-con-boxed e-con\" data-id=\"caf271a\" data-element_type=\"container\" data-settings=\"{&quot;content_width&quot;:&quot;boxed&quot;}\">\n\t\t\t\t\t<div class=\"e-con-inner\">\n\t\t<div class=\"elementor-element elementor-element-6b4d2ab e-con-full e-flex e-con\" data-id=\"6b4d2ab\" data-element_type=\"container\" data-settings=\"{&quot;content_width&quot;:&quot;full&quot;,&quot;background_background&quot;:&quot;classic&quot;}\">\n\t\t\t\t<div class=\"elementor-element elementor-element-9295686 elementor-widget elementor-widget-heading\" data-id=\"9295686\" data-element_type=\"widget\" data-settings=\"{&quot;ekit_we_effect_on&quot;:&quot;none&quot;}\" data-widget_type=\"heading.default\">\n\t\t\t\t<div class=\"elementor-widget-container\">\n\t\t\t<h2 class=\"elementor-heading-title elementor-size-default\">Brak analizy ruchu<\/h2>\t\t<\/div>\n\t\t\t\t<\/div>\n\t\t\t\t<\/div>\n\t\t<div class=\"elementor-element elementor-element-09f53be e-con-full e-flex e-con\" data-id=\"09f53be\" data-element_type=\"container\" data-settings=\"{&quot;content_width&quot;:&quot;full&quot;,&quot;background_background&quot;:&quot;classic&quot;}\">\n\t\t\t\t<div class=\"elementor-element elementor-element-ed75fc5 elementor-widget elementor-widget-text-editor\" data-id=\"ed75fc5\" data-element_type=\"widget\" data-settings=\"{&quot;ekit_we_effect_on&quot;:&quot;none&quot;}\" data-widget_type=\"text-editor.default\">\n\t\t\t\t<div class=\"elementor-widget-container\">\n\t\t\t\t\t\t\tDlaczego miasto pope\u0142nia takie b\u0142\u0119dy? Powodem jest brak kompleksowej analizy ruchu.\nDecyzje s\u0105 podejmowane bez oparcia w fachowej wiedzy, bo Miasto, zwyczajnie takiej\nwiedzy nie posiada. Pytanie, dlaczego miasto nie zleci kompleksowej analizy ruchu zadali\u015bmy Prezydentowi. Jest to niezb\u0119dne narz\u0119dzie, pozwalaj\u0105ce harmonijnie planowa\u0107\nkomunikacj\u0119 w mie\u015bcie, ale wed\u0142ug Prezydenta jest ono zbyt drogie. Taka analiza to koszt\noko\u0142o 3mln.\t\t\t\t\t\t<\/div>\n\t\t\t\t<\/div>\n\t\t\t\t<div class=\"elementor-element elementor-element-56a999f elementor-widget elementor-widget-heading\" data-id=\"56a999f\" data-element_type=\"widget\" data-settings=\"{&quot;ekit_we_effect_on&quot;:&quot;none&quot;}\" data-widget_type=\"heading.default\">\n\t\t\t\t<div class=\"elementor-widget-container\">\n\t\t\t<h4 class=\"elementor-heading-title elementor-size-default\">Remont wybrze\u017ca to koszt oko\u0142o 40 mln. Wyniki analizy ruchu by\u0142yby wykorzystane nie tylko w wypadku tej inwestycji. Pomog\u0142aby w zaplanowaniu ruchu w ca\u0142ym mie\u015bcie<\/h4>\t\t<\/div>\n\t\t\t\t<\/div>\n\t\t\t\t<div class=\"elementor-element elementor-element-d694fe7 elementor-widget elementor-widget-text-editor\" data-id=\"d694fe7\" data-element_type=\"widget\" data-settings=\"{&quot;ekit_we_effect_on&quot;:&quot;none&quot;}\" data-widget_type=\"text-editor.default\">\n\t\t\t\t<div class=\"elementor-widget-container\">\n\t\t\t\t\t\t\tAnaliza i kompleksowy projekt ruchu dla ca\u0142ego miasta, obejmuj\u0105cy ruch samochodowy, rowerowy i pieszy, to niezb\u0119dny element pozwalaj\u0105cy podejmowa\u0107 decyzj\u0119 o mo\u017cliwej zmianie przeznaczenia pojedynczej drogi. Korki, to nie jest kwestia jednej ulicy.\t\t\t\t\t\t<\/div>\n\t\t\t\t<\/div>\n\t\t\t\t<\/div>\n\t\t\t\t\t<\/div>\n\t\t\t\t<\/div>\n\t\t<div class=\"elementor-element elementor-element-ea32849 e-flex e-con-boxed e-con\" data-id=\"ea32849\" data-element_type=\"container\" data-settings=\"{&quot;content_width&quot;:&quot;boxed&quot;}\">\n\t\t\t\t\t<div class=\"e-con-inner\">\n\t\t\t\t<div class=\"elementor-element elementor-element-73653e1 elementor-widget elementor-widget-heading\" data-id=\"73653e1\" data-element_type=\"widget\" data-settings=\"{&quot;ekit_we_effect_on&quot;:&quot;none&quot;}\" data-widget_type=\"heading.default\">\n\t\t\t\t<div class=\"elementor-widget-container\">\n\t\t\t<h2 class=\"elementor-heading-title elementor-size-default\">Pytanie najwa\u017cniejsze pozostaje bez odpowiedzi. Czy w og\u00f3le warto rozwa\u017ca\u0107 wprowadzenie intensywnego ruchu samochodowego na wybrze\u017ce. Mo\u017ce deptak powinien zachowa\u0107 sw\u00f3j obecny wypoczynkowy charakter? Na to pytanie powinni odpowiedzie\u0107 mieszka\u0144cy. Tego pytania zabrak\u0142o przed rozpocz\u0119ciem inwestycji.<\/h2>\t\t<\/div>\n\t\t\t\t<\/div>\n\t\t\t\t\t<\/div>\n\t\t\t\t<\/div>\n\t\t<div class=\"elementor-element elementor-element-0b28e30 e-flex e-con-boxed e-con\" data-id=\"0b28e30\" data-element_type=\"container\" data-settings=\"{&quot;content_width&quot;:&quot;boxed&quot;}\">\n\t\t\t\t\t<div class=\"e-con-inner\">\n\t\t<div class=\"elementor-element elementor-element-f068898 e-con-full e-flex e-con\" data-id=\"f068898\" data-element_type=\"container\" data-settings=\"{&quot;content_width&quot;:&quot;full&quot;,&quot;background_background&quot;:&quot;classic&quot;}\">\n\t\t\t\t<div class=\"elementor-element elementor-element-614bcac elementor-widget elementor-widget-heading\" data-id=\"614bcac\" data-element_type=\"widget\" data-settings=\"{&quot;ekit_we_effect_on&quot;:&quot;none&quot;}\" data-widget_type=\"heading.default\">\n\t\t\t\t<div class=\"elementor-widget-container\">\n\t\t\t<h2 class=\"elementor-heading-title elementor-size-default\">Przemy\u015bl Miasto Turystyczne.\n<\/h2>\t\t<\/div>\n\t\t\t\t<\/div>\n\t\t\t\t<\/div>\n\t\t<div class=\"elementor-element elementor-element-25ffea6 e-con-full e-flex e-con\" data-id=\"25ffea6\" data-element_type=\"container\" data-settings=\"{&quot;content_width&quot;:&quot;full&quot;,&quot;background_background&quot;:&quot;classic&quot;}\">\n\t\t\t\t<div class=\"elementor-element elementor-element-b6248ac elementor-widget elementor-widget-text-editor\" data-id=\"b6248ac\" data-element_type=\"widget\" data-settings=\"{&quot;ekit_we_effect_on&quot;:&quot;none&quot;}\" data-widget_type=\"text-editor.default\">\n\t\t\t\t<div class=\"elementor-widget-container\">\n\t\t\t\t\t\t\t<p><span style=\"font-weight: 400;\">Ka\u017cde opracowanie na temat turystyki zwi\u0105zanej z Przemy\u015blem uwzgl\u0119dnia wyj\u0105tkowy charakter deptaka nad Sanem. Wi\u0119kszo\u015b\u0107 z nas spacerowa\u0142a nadsa\u0144sk\u0105 alej\u0105 starych drzew, z widokiem na Pog\u00f3rze Przemyskie, San, przyrod\u0119 i zabytkow\u0119 architektur\u0119. Rozwini\u0119cie potencja\u0142u turystycznego Promenady wydaje si\u0119 jedynym naturalnym kierunkiem ewolucji deptaka. Droga, to zmarnowanie tego potencja\u0142u.<\/span><\/p>\t\t\t\t\t\t<\/div>\n\t\t\t\t<\/div>\n\t\t\t\t<\/div>\n\t\t\t\t\t<\/div>\n\t\t\t\t<\/div>\n\t\t<div class=\"elementor-element elementor-element-209cbd8 e-flex e-con-boxed e-con\" data-id=\"209cbd8\" data-element_type=\"container\" data-settings=\"{&quot;content_width&quot;:&quot;boxed&quot;}\">\n\t\t\t\t\t<div class=\"e-con-inner\">\n\t\t<div class=\"elementor-element elementor-element-8fdfe89 e-con-full e-flex e-con\" data-id=\"8fdfe89\" data-element_type=\"container\" data-settings=\"{&quot;content_width&quot;:&quot;full&quot;,&quot;background_background&quot;:&quot;classic&quot;}\">\n\t\t\t\t<div class=\"elementor-element elementor-element-3425501 elementor-widget elementor-widget-heading\" data-id=\"3425501\" data-element_type=\"widget\" data-settings=\"{&quot;ekit_we_effect_on&quot;:&quot;none&quot;}\" data-widget_type=\"heading.default\">\n\t\t\t\t<div class=\"elementor-widget-container\">\n\t\t\t<h2 class=\"elementor-heading-title elementor-size-default\">Spokojne osiedla<\/h2>\t\t<\/div>\n\t\t\t\t<\/div>\n\t\t\t\t<\/div>\n\t\t<div class=\"elementor-element elementor-element-64b9b3e e-con-full e-flex e-con\" data-id=\"64b9b3e\" data-element_type=\"container\" data-settings=\"{&quot;content_width&quot;:&quot;full&quot;,&quot;background_background&quot;:&quot;classic&quot;}\">\n\t\t\t\t<div class=\"elementor-element elementor-element-ed288b0 elementor-widget elementor-widget-text-editor\" data-id=\"ed288b0\" data-element_type=\"widget\" data-settings=\"{&quot;ekit_we_effect_on&quot;:&quot;none&quot;}\" data-widget_type=\"text-editor.default\">\n\t\t\t\t<div class=\"elementor-widget-container\">\n\t\t\t\t\t\t\tPrzemyski deptak to miejsce \u017cycia ogromnej spo\u0142eczno\u015bci osiedli: Kmieci, Czuwaju,\nzabytkowej Santag\u00f3wki, Krasi\u0144skiego. Droga przy promenadzie pe\u0142ni swoj\u0105 rol\u0119 znakomicie,\njako lokalna droga dojazdowa dla okolicznych osiedli. I tak\u0105, lokaln\u0105 drog\u0105 powinna pozosta\u0107.\t\t\t\t\t\t<\/div>\n\t\t\t\t<\/div>\n\t\t\t\t<\/div>\n\t\t\t\t\t<\/div>\n\t\t\t\t<\/div>\n\t\t<div class=\"elementor-element elementor-element-330890b e-flex e-con-boxed e-con\" data-id=\"330890b\" data-element_type=\"container\" data-settings=\"{&quot;content_width&quot;:&quot;boxed&quot;}\">\n\t\t\t\t\t<div class=\"e-con-inner\">\n\t\t<div class=\"elementor-element elementor-element-f0bb049 e-con-full e-flex e-con\" data-id=\"f0bb049\" data-element_type=\"container\" data-settings=\"{&quot;content_width&quot;:&quot;full&quot;,&quot;background_background&quot;:&quot;classic&quot;}\">\n\t\t\t\t<div class=\"elementor-element elementor-element-77dc0fa elementor-widget elementor-widget-heading\" data-id=\"77dc0fa\" data-element_type=\"widget\" data-settings=\"{&quot;ekit_we_effect_on&quot;:&quot;none&quot;}\" data-widget_type=\"heading.default\">\n\t\t\t\t<div class=\"elementor-widget-container\">\n\t\t\t<h2 class=\"elementor-heading-title elementor-size-default\">Rekreacja i bezpiecze\u0144stwo. \n<\/h2>\t\t<\/div>\n\t\t\t\t<\/div>\n\t\t\t\t<\/div>\n\t\t<div class=\"elementor-element elementor-element-ba9be8d e-con-full e-flex e-con\" data-id=\"ba9be8d\" data-element_type=\"container\" data-settings=\"{&quot;content_width&quot;:&quot;full&quot;,&quot;background_background&quot;:&quot;classic&quot;}\">\n\t\t\t\t<div class=\"elementor-element elementor-element-e408c8b elementor-widget elementor-widget-text-editor\" data-id=\"e408c8b\" data-element_type=\"widget\" data-settings=\"{&quot;ekit_we_effect_on&quot;:&quot;none&quot;}\" data-widget_type=\"text-editor.default\">\n\t\t\t\t<div class=\"elementor-widget-container\">\n\t\t\t\t\t\t\tWybrze\u017ce, to jedyne miejsce w Przemy\u015blu, kt\u00f3re skupia tak\u0105 ilo\u015b\u0107 i r\u00f3\u017cnorodno\u015b\u0107 obiekt\u00f3w zwi\u0105zanych z rekreacj\u0105 (basen, boiska, przysta\u0144 wodn\u0105, skate park, kilka plac\u00f3w zabaw), oraz z edukacj\u0105 i kultur\u0105 (szko\u0142y, przedszkola, dom kultury). Nie ma w Przemy\u015blu drugiego miejsca z nagromadzeniem takiej ilo\u015bci obiekt\u00f3w przeznaczonych dla dzieci i m\u0142odzie\u017cy. Rozbudowa drogi, przystosowanie jej do ruchu samochod\u00f3w ci\u0119\u017carowych i (dla bezpiecze\u0144stwa) obarierowanie przyleg\u0142ej przestrzeni, to nie jest recepta na stref\u0119 przyjazn\u0105 dla ma\u0142ych uczestnik\u00f3w ruchu: pieszych i rowerzyst\u00f3w. Nowoczesne, rekomendowane przez Ministerstwo Infrastruktury rozwi\u0105zania problemu uspokojenia ruchu, to zakaz wjazdu dla samochod\u00f3w ci\u0119\u017carowych i zw\u0119\u017cenie jezdni.\t\t\t\t\t\t<\/div>\n\t\t\t\t<\/div>\n\t\t\t\t<\/div>\n\t\t\t\t\t<\/div>\n\t\t\t\t<\/div>\n\t\t\t\t\t\t\t<\/div>\n\t\t","protected":false},"excerpt":{"rendered":"<p>Odci\u0105\u017cenie ulicy Grunwaldzkiej to jedno z dw\u00f3ch g\u0142\u00f3wnych za\u0142o\u017ce\u0144 Miasta przy przebudowie Wybrze\u017ca. Poszerzenie drogi, a przede wszystkim zwi\u0119kszenie wysoko\u015bci przejazdu pod mostami umo\u017cliwi poruszanie si\u0119 samochod\u00f3w ci\u0119\u017carowych nabrze\u017cem Sanu. Droga zamiast promenady Przemyski deptak ma niepowtarzalny, rekreacyjny charakter i pe\u0142ni jednocze\u015bnie funkcj\u0119 lokalnej drogi dojazdowej dla okolicznych osiedli. Pomys\u0142 nadania mu dodatkowej funkcji, polegaj\u0105cej [&hellip;]<\/p>\n","protected":false},"author":1,"featured_media":0,"parent":0,"menu_order":0,"comment_status":"closed","ping_status":"closed","template":"","meta":{"footnotes":""},"class_list":["post-731","page","type-page","status-publish","hentry"],"_links":{"self":[{"href":"https:\/\/wybrzeze.stowarzyszeniemost.pl\/index.php\/wp-json\/wp\/v2\/pages\/731","targetHints":{"allow":["GET"]}}],"collection":[{"href":"https:\/\/wybrzeze.stowarzyszeniemost.pl\/index.php\/wp-json\/wp\/v2\/pages"}],"about":[{"href":"https:\/\/wybrzeze.stowarzyszeniemost.pl\/index.php\/wp-json\/wp\/v2\/types\/page"}],"author":[{"embeddable":true,"href":"https:\/\/wybrzeze.stowarzyszeniemost.pl\/index.php\/wp-json\/wp\/v2\/users\/1"}],"replies":[{"embeddable":true,"href":"https:\/\/wybrzeze.stowarzyszeniemost.pl\/index.php\/wp-json\/wp\/v2\/comments?post=731"}],"version-history":[{"count":71,"href":"https:\/\/wybrzeze.stowarzyszeniemost.pl\/index.php\/wp-json\/wp\/v2\/pages\/731\/revisions"}],"predecessor-version":[{"id":2505,"href":"https:\/\/wybrzeze.stowarzyszeniemost.pl\/index.php\/wp-json\/wp\/v2\/pages\/731\/revisions\/2505"}],"wp:attachment":[{"href":"https:\/\/wybrzeze.stowarzyszeniemost.pl\/index.php\/wp-json\/wp\/v2\/media?parent=731"}],"curies":[{"name":"wp","href":"https:\/\/api.w.org\/{rel}","templated":true}]}}