{"id":741,"date":"2023-06-04T12:23:58","date_gmt":"2023-06-04T10:23:58","guid":{"rendered":"http:\/\/promenadazasanie.pl\/?page_id=741"},"modified":"2023-07-09T08:07:26","modified_gmt":"2023-07-09T06:07:26","slug":"zrid2","status":"publish","type":"page","link":"https:\/\/wybrzeze.stowarzyszeniemost.pl\/index.php\/zrid2\/","title":{"rendered":"ZRID2"},"content":{"rendered":"\t\t<div data-elementor-type=\"wp-page\" data-elementor-id=\"741\" class=\"elementor elementor-741\">\n\t\t\t\t\t\t\t<div class=\"elementor-element elementor-element-18ae9c8 e-flex e-con-boxed e-con\" data-id=\"18ae9c8\" data-element_type=\"container\" data-settings=\"{&quot;content_width&quot;:&quot;boxed&quot;}\">\n\t\t\t\t\t<div class=\"e-con-inner\">\n\t\t\t\t<div class=\"elementor-element elementor-element-ab08130 elementor-widget elementor-widget-elementskit-advanced-slider\" data-id=\"ab08130\" data-element_type=\"widget\" data-settings=\"{&quot;ekit_we_effect_on&quot;:&quot;none&quot;}\" data-widget_type=\"elementskit-advanced-slider.default\">\n\t\t\t\t<div class=\"elementor-widget-container\">\n\t\t\t<div class=\"ekit-wid-con\" >\n\t\t<div class=\"elementskit-advanced-slider\" data-widget_settings=\"{&quot;type&quot;:&quot;advanced-slider&quot;,&quot;id&quot;:&quot;ekit-advanced-sliderab08130&quot;,&quot;sliderOptions&quot;:{&quot;slidesPerViewItem&quot;:1,&quot;spaceBetweenGap&quot;:0,&quot;sliderGrapCursor&quot;:&quot;&quot;,&quot;sliderDirectionType&quot;:&quot;horizontal&quot;,&quot;sliderMouseScroll&quot;:&quot;&quot;,&quot;sliderAutoPlay&quot;:&quot;&quot;,&quot;sliderEffect&quot;:&quot;default&quot;,&quot;sliderThumbsShow&quot;:&quot;&quot;,&quot;sliderThumbsOffset&quot;:null,&quot;sliderTabItems&quot;:[{&quot;ekit_slider_title&quot;:&quot;Slide One&quot;,&quot;_id&quot;:&quot;303a2d8&quot;,&quot;ekit_slider_thumbs_image&quot;:{&quot;url&quot;:&quot;https:\\\/\\\/wybrzeze.stowarzyszeniemost.pl\\\/wp-content\\\/plugins\\\/elementor\\\/assets\\\/images\\\/placeholder.png&quot;,&quot;id&quot;:&quot;&quot;,&quot;size&quot;:&quot;&quot;},&quot;ekit_slider_tab_content&quot;:&quot;&quot;},{&quot;ekit_slider_title&quot;:&quot;Slide Two&quot;,&quot;_id&quot;:&quot;ff7dd14&quot;,&quot;ekit_slider_tab_content&quot;:&quot;ab08130***1688821773839&quot;,&quot;ekit_slider_thumbs_image&quot;:{&quot;url&quot;:&quot;https:\\\/\\\/wybrzeze.stowarzyszeniemost.pl\\\/wp-content\\\/plugins\\\/elementor\\\/assets\\\/images\\\/placeholder.png&quot;,&quot;id&quot;:&quot;&quot;,&quot;size&quot;:&quot;&quot;}}],&quot;progressBar&quot;:null,&quot;speedTime&quot;:600,&quot;loopEnable&quot;:&quot;yes&quot;,&quot;autoPlayDelay&quot;:null,&quot;breakpointsOption&quot;:{&quot;360&quot;:{&quot;slidesPerView&quot;:1,&quot;spaceBetween&quot;:0},&quot;767&quot;:{&quot;slidesPerView&quot;:1,&quot;spaceBetween&quot;:0},&quot;1024&quot;:{&quot;slidesPerView&quot;:1,&quot;spaceBetween&quot;:0}}}}\">\n\t\t\t<div class=\"ekit-main-swiper swiper ekit-slider-wrapper\">\n\t\t\t\t<div class=\"swiper-wrapper ekit-swiper-wrapper\">\n\t\t\t\t\t\t\t\t\t\t\t<div class=\"swiper-slide ekit-swiper-slide elementor-repeater-item-303a2d8\">\n\t\t\t\t\t\t\t\n\t\t<div class=\"widgetarea_warper widgetarea_warper_editable\" data-elementskit-widgetarea-key=\"ab08130\"  data-elementskit-widgetarea-index=\"303a2d8\">\n\t\t\t<div class=\"widgetarea_warper_edit\" data-elementskit-widgetarea-key=\"ab08130\" data-elementskit-widgetarea-index=\"303a2d8\">\n\t\t\t\t<i class=\"eicon-edit\" aria-hidden=\"true\"><\/i>\n\t\t\t\t<span>Edit Content<\/span>\n\t\t\t<\/div>\n\n\t\t\t\t\t\t\t\t<div class=\"elementor-widget-container\">\n\t\t\t\t\t\t\t<div data-elementor-type=\"wp-post\" data-elementor-id=\"2550\" class=\"elementor elementor-2550\">\n\t\t\t\t\t\t\t<div class=\"elementor-element elementor-element-75f0c7b6 e-flex e-con-boxed e-con\" data-id=\"75f0c7b6\" data-element_type=\"container\" data-settings=\"{&quot;content_width&quot;:&quot;boxed&quot;}\">\n\t\t\t\t\t<div class=\"e-con-inner\">\n\t\t<div class=\"elementor-element elementor-element-144fb576 e-con-full e-flex e-con\" data-id=\"144fb576\" data-element_type=\"container\" data-settings=\"{&quot;content_width&quot;:&quot;full&quot;,&quot;background_background&quot;:&quot;classic&quot;}\">\n\t\t\t\t<div class=\"elementor-element elementor-element-3381c4f elementor-widget elementor-widget-heading\" data-id=\"3381c4f\" data-element_type=\"widget\" data-settings=\"{&quot;ekit_we_effect_on&quot;:&quot;none&quot;}\" data-widget_type=\"heading.default\">\n\t\t\t\t<div class=\"elementor-widget-container\">\n\t\t\t<style>\/*! elementor - v3.14.0 - 26-06-2023 *\/\n.elementor-heading-title{padding:0;margin:0;line-height:1}.elementor-widget-heading .elementor-heading-title[class*=elementor-size-]>a{color:inherit;font-size:inherit;line-height:inherit}.elementor-widget-heading .elementor-heading-title.elementor-size-small{font-size:15px}.elementor-widget-heading .elementor-heading-title.elementor-size-medium{font-size:19px}.elementor-widget-heading .elementor-heading-title.elementor-size-large{font-size:29px}.elementor-widget-heading .elementor-heading-title.elementor-size-xl{font-size:39px}.elementor-widget-heading .elementor-heading-title.elementor-size-xxl{font-size:59px}<\/style><h4 class=\"elementor-heading-title elementor-size-default\">Kluczowe rozwi\u0105zania zaznaczone na poni\u017cszej wizualizacji s\u0105 cz\u0119\u015bci\u0105 pozwolenia na\nbudow\u0119. Detale, jak np. kolor, kszta\u0142t barierek, czy ich umiejscowienie mog\u0105 si\u0119 r\u00f3\u017cni\u0107 w\nfinalnej realizacji.<\/h4>\t\t<\/div>\n\t\t\t\t<\/div>\n\t\t\t\t<div class=\"elementor-element elementor-element-40bfcd3 elementor-hidden-tablet elementor-hidden-mobile elementor-widget-divider--view-line elementor-widget elementor-widget-divider\" data-id=\"40bfcd3\" data-element_type=\"widget\" data-settings=\"{&quot;ekit_we_effect_on&quot;:&quot;none&quot;}\" data-widget_type=\"divider.default\">\n\t\t\t\t<div class=\"elementor-widget-container\">\n\t\t\t<style>\/*! elementor - v3.14.0 - 26-06-2023 *\/\n.elementor-widget-divider{--divider-border-style:none;--divider-border-width:1px;--divider-color:#0c0d0e;--divider-icon-size:20px;--divider-element-spacing:10px;--divider-pattern-height:24px;--divider-pattern-size:20px;--divider-pattern-url:none;--divider-pattern-repeat:repeat-x}.elementor-widget-divider .elementor-divider{display:flex}.elementor-widget-divider .elementor-divider__text{font-size:15px;line-height:1;max-width:95%}.elementor-widget-divider .elementor-divider__element{margin:0 var(--divider-element-spacing);flex-shrink:0}.elementor-widget-divider .elementor-icon{font-size:var(--divider-icon-size)}.elementor-widget-divider .elementor-divider-separator{display:flex;margin:0;direction:ltr}.elementor-widget-divider--view-line_icon .elementor-divider-separator,.elementor-widget-divider--view-line_text .elementor-divider-separator{align-items:center}.elementor-widget-divider--view-line_icon .elementor-divider-separator:after,.elementor-widget-divider--view-line_icon .elementor-divider-separator:before,.elementor-widget-divider--view-line_text .elementor-divider-separator:after,.elementor-widget-divider--view-line_text .elementor-divider-separator:before{display:block;content:\"\";border-bottom:0;flex-grow:1;border-top:var(--divider-border-width) var(--divider-border-style) var(--divider-color)}.elementor-widget-divider--element-align-left .elementor-divider .elementor-divider-separator>.elementor-divider__svg:first-of-type{flex-grow:0;flex-shrink:100}.elementor-widget-divider--element-align-left .elementor-divider-separator:before{content:none}.elementor-widget-divider--element-align-left .elementor-divider__element{margin-left:0}.elementor-widget-divider--element-align-right .elementor-divider .elementor-divider-separator>.elementor-divider__svg:last-of-type{flex-grow:0;flex-shrink:100}.elementor-widget-divider--element-align-right .elementor-divider-separator:after{content:none}.elementor-widget-divider--element-align-right .elementor-divider__element{margin-right:0}.elementor-widget-divider:not(.elementor-widget-divider--view-line_text):not(.elementor-widget-divider--view-line_icon) .elementor-divider-separator{border-top:var(--divider-border-width) var(--divider-border-style) var(--divider-color)}.elementor-widget-divider--separator-type-pattern{--divider-border-style:none}.elementor-widget-divider--separator-type-pattern.elementor-widget-divider--view-line .elementor-divider-separator,.elementor-widget-divider--separator-type-pattern:not(.elementor-widget-divider--view-line) .elementor-divider-separator:after,.elementor-widget-divider--separator-type-pattern:not(.elementor-widget-divider--view-line) .elementor-divider-separator:before,.elementor-widget-divider--separator-type-pattern:not([class*=elementor-widget-divider--view]) .elementor-divider-separator{width:100%;min-height:var(--divider-pattern-height);-webkit-mask-size:var(--divider-pattern-size) 100%;mask-size:var(--divider-pattern-size) 100%;-webkit-mask-repeat:var(--divider-pattern-repeat);mask-repeat:var(--divider-pattern-repeat);background-color:var(--divider-color);-webkit-mask-image:var(--divider-pattern-url);mask-image:var(--divider-pattern-url)}.elementor-widget-divider--no-spacing{--divider-pattern-size:auto}.elementor-widget-divider--bg-round{--divider-pattern-repeat:round}.rtl .elementor-widget-divider .elementor-divider__text{direction:rtl}.e-con-inner>.elementor-widget-divider,.e-con>.elementor-widget-divider{width:var(--container-widget-width,100%);--flex-grow:var(--container-widget-flex-grow)}<\/style>\t\t<div class=\"elementor-divider\">\n\t\t\t<span class=\"elementor-divider-separator\">\n\t\t\t\t\t\t<\/span>\n\t\t<\/div>\n\t\t\t\t<\/div>\n\t\t\t\t<\/div>\n\t\t\t\t<div class=\"elementor-element elementor-element-73bad9de elementor-hidden-tablet elementor-hidden-mobile elementor-widget elementor-widget-heading\" data-id=\"73bad9de\" data-element_type=\"widget\" data-settings=\"{&quot;ekit_we_effect_on&quot;:&quot;none&quot;}\" data-widget_type=\"heading.default\">\n\t\t\t\t<div class=\"elementor-widget-container\">\n\t\t\t<h6 class=\"elementor-heading-title elementor-size-default\">Most kolejowy widok w kierunku ulicy 22 Stycznia. <\/h6>\t\t<\/div>\n\t\t\t\t<\/div>\n\t\t\t\t<\/div>\n\t\t<div class=\"elementor-element elementor-element-7aebfb72 e-flex e-con-boxed e-con\" data-id=\"7aebfb72\" data-element_type=\"container\" data-settings=\"{&quot;content_width&quot;:&quot;boxed&quot;}\">\n\t\t\t\t\t<div class=\"e-con-inner\">\n\t\t\t\t<div class=\"elementor-element elementor-element-6935c499 elementor-widget elementor-widget-elementskit-image-comparison\" data-id=\"6935c499\" data-element_type=\"widget\" data-settings=\"{&quot;ekit_we_effect_on&quot;:&quot;none&quot;}\" data-widget_type=\"elementskit-image-comparison.default\">\n\t\t\t\t<div class=\"elementor-widget-container\">\n\t\t\t<div class=\"ekit-wid-con\" >\n        <div class=\"elementskit-image-comparison image-comparison-container\" \n\t   data-offset= \"0.5\" \n\t   data-overlay= \"true\" \n\t   data-label_after= \"After\" \n\t   data-label_before= \"Before\" \n\t   data-move_slider_on_hover= \"true\" \n\t   data-click_to_move= \"\" \n\t   >\n            <img decoding=\"async\" src=\"https:\/\/wybrzeze.stowarzyszeniemost.pl\/wp-content\/uploads\/2023\/07\/2a.jpg\" title=\"2a\" alt=\"2a\" loading=\"lazy\" \/><img decoding=\"async\" src=\"https:\/\/wybrzeze.stowarzyszeniemost.pl\/wp-content\/uploads\/2023\/07\/2b.jpg\" title=\"2b\" alt=\"2b\" loading=\"lazy\" \/>        <\/div>\n\n    <\/div>\t\t<\/div>\n\t\t\t\t<\/div>\n\t\t\t\t\t<\/div>\n\t\t\t\t<\/div>\n\t\t\t\t\t<\/div>\n\t\t\t\t<\/div>\n\t\t\t\t\t\t\t<\/div>\n\t\t\t\t\t\t\t<\/div>\n\t\t\t\t\t\t<\/div>\n\t\t    \n\t\t\t\t\t\t<\/div>\n\t\t\t\t\t\t\t\t\t\t\t<div class=\"swiper-slide ekit-swiper-slide elementor-repeater-item-ff7dd14\">\n\t\t\t\t\t\t\t\n\t\t<div class=\"widgetarea_warper widgetarea_warper_editable\" data-elementskit-widgetarea-key=\"ab08130\"  data-elementskit-widgetarea-index=\"ff7dd14\">\n\t\t\t<div class=\"widgetarea_warper_edit\" data-elementskit-widgetarea-key=\"ab08130\" data-elementskit-widgetarea-index=\"ff7dd14\">\n\t\t\t\t<i class=\"eicon-edit\" aria-hidden=\"true\"><\/i>\n\t\t\t\t<span>Edit Content<\/span>\n\t\t\t<\/div>\n\n\t\t\t\t\t\t\t\t<div class=\"elementor-widget-container\">\n\t\t\t\t\t\t\t<div data-elementor-type=\"wp-post\" data-elementor-id=\"2554\" class=\"elementor elementor-2554\">\n\t\t\t\t\t\t\t<div class=\"elementor-element elementor-element-6b9e5a87 e-flex e-con-boxed e-con\" data-id=\"6b9e5a87\" data-element_type=\"container\" data-settings=\"{&quot;content_width&quot;:&quot;boxed&quot;}\">\n\t\t\t\t\t<div class=\"e-con-inner\">\n\t\t<div class=\"elementor-element elementor-element-3eb7b150 e-con-full e-flex e-con\" data-id=\"3eb7b150\" data-element_type=\"container\" data-settings=\"{&quot;content_width&quot;:&quot;full&quot;,&quot;background_background&quot;:&quot;classic&quot;}\">\n\t\t\t\t<div class=\"elementor-element elementor-element-26bed129 elementor-widget elementor-widget-heading\" data-id=\"26bed129\" data-element_type=\"widget\" data-settings=\"{&quot;ekit_we_effect_on&quot;:&quot;none&quot;}\" data-widget_type=\"heading.default\">\n\t\t\t\t<div class=\"elementor-widget-container\">\n\t\t\t<h4 class=\"elementor-heading-title elementor-size-default\">Kluczowe rozwi\u0105zania zaznaczone na poni\u017cszej wizualizacji s\u0105 cz\u0119\u015bci\u0105 pozwolenia na\nbudow\u0119. Detale, jak np. kolor, kszta\u0142t barierek, czy ich umiejscowienie mog\u0105 si\u0119 r\u00f3\u017cni\u0107 w\nfinalnej realizacji.<\/h4>\t\t<\/div>\n\t\t\t\t<\/div>\n\t\t\t\t<\/div>\n\t\t<div class=\"elementor-element elementor-element-44ab4fc3 e-flex e-con-boxed e-con\" data-id=\"44ab4fc3\" data-element_type=\"container\" data-settings=\"{&quot;content_width&quot;:&quot;boxed&quot;}\">\n\t\t\t\t\t<div class=\"e-con-inner\">\n\t\t\t\t<div class=\"elementor-element elementor-element-bd406c6 elementor-widget elementor-widget-elementskit-image-comparison\" data-id=\"bd406c6\" data-element_type=\"widget\" data-settings=\"{&quot;ekit_we_effect_on&quot;:&quot;none&quot;}\" data-widget_type=\"elementskit-image-comparison.default\">\n\t\t\t\t<div class=\"elementor-widget-container\">\n\t\t\t<div class=\"ekit-wid-con\" >\n        <div class=\"elementskit-image-comparison image-comparison-container\" \n\t   data-offset= \"0.5\" \n\t   data-overlay= \"true\" \n\t   data-label_after= \"After\" \n\t   data-label_before= \"Before\" \n\t   data-move_slider_on_hover= \"true\" \n\t   data-click_to_move= \"\" \n\t   >\n            <img decoding=\"async\" src=\"https:\/\/wybrzeze.stowarzyszeniemost.pl\/wp-content\/uploads\/2023\/07\/3_ramka_O.jpg\" title=\"3_ramka_O\" alt=\"3_ramka_O\" loading=\"lazy\" \/><img decoding=\"async\" src=\"https:\/\/wybrzeze.stowarzyszeniemost.pl\/wp-content\/uploads\/2023\/07\/2b.jpg\" title=\"2b\" alt=\"2b\" loading=\"lazy\" \/>        <\/div>\n\n    <\/div>\t\t<\/div>\n\t\t\t\t<\/div>\n\t\t\t\t\t<\/div>\n\t\t\t\t<\/div>\n\t\t\t\t\t<\/div>\n\t\t\t\t<\/div>\n\t\t\t\t\t\t\t<\/div>\n\t\t\t\t\t\t\t<\/div>\n\t\t\t\t\t\t<\/div>\n\t\t    \n\t\t\t\t\t\t<\/div>\n\t\t\t\t\t\t\t\t\t<\/div>\n\n\t\t\t\t\n\t\t\t\t\t\t\t\t\t<div class=\"swiper-pagination ekit-swiper-pagination\"\"><\/div>\n\t\t\t\t\n                \t\t\t<\/div>\n\n\t\t<\/div>\n\n\t\t<\/div>\t\t<\/div>\n\t\t\t\t<\/div>\n\t\t\t\t\t<\/div>\n\t\t\t\t<\/div>\n\t\t\t\t\t\t\t<\/div>\n\t\t","protected":false},"excerpt":{"rendered":"<p>Edit Content Kluczowe rozwi\u0105zania zaznaczone na poni\u017cszej wizualizacji s\u0105 cz\u0119\u015bci\u0105 pozwolenia na budow\u0119. Detale, jak np. kolor, kszta\u0142t barierek, czy ich umiejscowienie mog\u0105 si\u0119 r\u00f3\u017cni\u0107 w finalnej realizacji. Most kolejowy widok w kierunku ulicy 22 Stycznia. Edit Content Kluczowe rozwi\u0105zania zaznaczone na poni\u017cszej wizualizacji s\u0105 cz\u0119\u015bci\u0105 pozwolenia na budow\u0119. Detale, jak np. kolor, kszta\u0142t barierek, [&hellip;]<\/p>\n","protected":false},"author":1,"featured_media":0,"parent":0,"menu_order":0,"comment_status":"closed","ping_status":"closed","template":"","meta":{"footnotes":""},"class_list":["post-741","page","type-page","status-publish","hentry"],"_links":{"self":[{"href":"https:\/\/wybrzeze.stowarzyszeniemost.pl\/index.php\/wp-json\/wp\/v2\/pages\/741","targetHints":{"allow":["GET"]}}],"collection":[{"href":"https:\/\/wybrzeze.stowarzyszeniemost.pl\/index.php\/wp-json\/wp\/v2\/pages"}],"about":[{"href":"https:\/\/wybrzeze.stowarzyszeniemost.pl\/index.php\/wp-json\/wp\/v2\/types\/page"}],"author":[{"embeddable":true,"href":"https:\/\/wybrzeze.stowarzyszeniemost.pl\/index.php\/wp-json\/wp\/v2\/users\/1"}],"replies":[{"embeddable":true,"href":"https:\/\/wybrzeze.stowarzyszeniemost.pl\/index.php\/wp-json\/wp\/v2\/comments?post=741"}],"version-history":[{"count":15,"href":"https:\/\/wybrzeze.stowarzyszeniemost.pl\/index.php\/wp-json\/wp\/v2\/pages\/741\/revisions"}],"predecessor-version":[{"id":2707,"href":"https:\/\/wybrzeze.stowarzyszeniemost.pl\/index.php\/wp-json\/wp\/v2\/pages\/741\/revisions\/2707"}],"wp:attachment":[{"href":"https:\/\/wybrzeze.stowarzyszeniemost.pl\/index.php\/wp-json\/wp\/v2\/media?parent=741"}],"curies":[{"name":"wp","href":"https:\/\/api.w.org\/{rel}","templated":true}]}}